{"id":19889,"date":"2025-07-19T01:34:52","date_gmt":"2025-07-18T21:34:52","guid":{"rendered":"https:\/\/webstart.am\/website-development-sao-tome-and-principe\/"},"modified":"2025-07-19T01:34:52","modified_gmt":"2025-07-18T21:34:52","slug":"website-development-sao-tome-and-principe","status":"publish","type":"page","link":"https:\/\/webstart.am\/en\/website-development-sao-tome-and-principe\/","title":{"rendered":"S\u00e3o Tom\u00e9 And Pr\u00edncipe"},"content":{"rendered":"","protected":false},"excerpt":{"rendered":"","protected":false},"author":1,"featured_media":0,"parent":0,"menu_order":0,"comment_status":"closed","ping_status":"closed","template":"country.php","meta":{"_acf_changed":false,"footnotes":""},"class_list":["post-19889","page","type-page","status-publish","hentry"],"acf":[],"aioseo_notices":[],"_links":{"self":[{"href":"https:\/\/webstart.am\/en\/wp-json\/wp\/v2\/pages\/19889","targetHints":{"allow":["GET"]}}],"collection":[{"href":"https:\/\/webstart.am\/en\/wp-json\/wp\/v2\/pages"}],"about":[{"href":"https:\/\/webstart.am\/en\/wp-json\/wp\/v2\/types\/page"}],"author":[{"embeddable":true,"href":"https:\/\/webstart.am\/en\/wp-json\/wp\/v2\/users\/1"}],"replies":[{"embeddable":true,"href":"https:\/\/webstart.am\/en\/wp-json\/wp\/v2\/comments?post=19889"}],"version-history":[{"count":0,"href":"https:\/\/webstart.am\/en\/wp-json\/wp\/v2\/pages\/19889\/revisions"}],"wp:attachment":[{"href":"https:\/\/webstart.am\/en\/wp-json\/wp\/v2\/media?parent=19889"}],"curies":[{"name":"wp","href":"https:\/\/api.w.org\/{rel}","templated":true}]}}